{"id":150,"date":"2019-02-25T17:15:35","date_gmt":"2019-02-25T16:15:35","guid":{"rendered":"http:\/\/www.brattiro.net\/NEWS\/?page_id=150"},"modified":"2019-02-25T17:15:41","modified_gmt":"2019-02-25T16:15:41","slug":"articoli","status":"publish","type":"page","link":"https:\/\/www.brattiro.net\/NEWS\/","title":{"rendered":"Articoli"},"content":{"rendered":"<div class=\"pt-cv-wrapper\"><div class=\"pt-cv-view pt-cv-grid pt-cv-colsys\" id=\"pt-cv-view-7b14e24mkc\"><div data-id=\"pt-cv-page-1\" class=\"pt-cv-page\" data-cvc=\"2\"><div class=\"col-md-6 col-sm-6 col-xs-12 pt-cv-content-item pt-cv-1-col\" ><div class='pt-cv-ifield'><a href=\"https:\/\/www.brattiro.net\/NEWS\/2024\/10\/02\/resoconto-festa-ss-cosma-e-damiano-2024\/\" class=\"_self pt-cv-href-thumbnail pt-cv-thumb-default\" target=\"_self\" ><\/a>\n<h4 class=\"pt-cv-title\"><a href=\"https:\/\/www.brattiro.net\/NEWS\/2024\/10\/02\/resoconto-festa-ss-cosma-e-damiano-2024\/\" class=\"_self\" target=\"_self\" >Resoconto Festa SS Cosma e Damiano 2024<\/a><\/h4>\n<div class=\"pt-cv-content\">E' stata una festa degna di nota quella di quest'anno. Tutto \u00e8 andato per il verso giusto, favorito anche dalle condizioni climatiche molto buone.E' doveroso fare i complimenti al comitato festa 2024, che con dedizione ed impegno ha reso la festa ben organizzata in tutti gli aspetti, per una riuscita ...<br \/><div class=\"pt-cv-rmwrap\"><a href=\"https:\/\/www.brattiro.net\/NEWS\/2024\/10\/02\/resoconto-festa-ss-cosma-e-damiano-2024\/\" class=\"_self pt-cv-readmore btn btn-success\" target=\"_self\">Leggi Tutto<\/a><\/div><\/div>\n<div class=\"pt-cv-meta-fields\"><span class=\"entry-date\"> <time datetime=\"2024-10-02T10:52:59+02:00\">2 Ottobre 2024<\/time><\/span><span> \/ <\/span><span class=\"author\"> <a href=\"https:\/\/www.brattiro.net\/NEWS\/author\/eugenio\/\" rel=\"author\">Redazione<\/a><\/span><span> \/ <\/span><span class=\"terms\"> <a href='https:\/\/www.brattiro.net\/NEWS\/tag\/cosmaedamiano\/' title='cosmaedamiano' class='pt-cv-tax-cosmaedamiano'>cosmaedamiano<\/a>, <a href='https:\/\/www.brattiro.net\/NEWS\/category\/notizie\/' title='Notizie' class='pt-cv-tax-notizie'>Notizie<\/a>, <a href='https:\/\/www.brattiro.net\/NEWS\/tag\/santimedici\/' title='santimedici' class='pt-cv-tax-santimedici'>santimedici<\/a>, <a href='https:\/\/www.brattiro.net\/NEWS\/tag\/sscosmaedamiano\/' title='sscosmaedamiano' class='pt-cv-tax-sscosmaedamiano'>sscosmaedamiano<\/a><\/span><span> \/ <\/span><span class=\"comments-link\"> <a href=\"https:\/\/www.brattiro.net\/NEWS\/2024\/10\/02\/resoconto-festa-ss-cosma-e-damiano-2024\/#respond\">Nessun commento<span class=\"screen-reader-text\"> su Resoconto Festa SS Cosma e Damiano 2024<\/span><\/a><\/span><\/div><\/div><\/div>\n<div class=\"col-md-6 col-sm-6 col-xs-12 pt-cv-content-item pt-cv-1-col\" ><div class='pt-cv-ifield'><a href=\"https:\/\/www.brattiro.net\/NEWS\/2024\/09\/28\/estrazione-biglietti-festa-ss-cosma-e-damiano-27-09-2024\/\" class=\"_self pt-cv-href-thumbnail pt-cv-thumb-default\" target=\"_self\" ><\/a>\n<h4 class=\"pt-cv-title\"><a href=\"https:\/\/www.brattiro.net\/NEWS\/2024\/09\/28\/estrazione-biglietti-festa-ss-cosma-e-damiano-27-09-2024\/\" class=\"_self\" target=\"_self\" >Estrazione Biglietti Festa SS Cosma e Damiano &#8211; 27\/09\/2024<\/a><\/h4>\n<div class=\"pt-cv-content\">BIGLIETTI ESTRATTI Primo premio: SERIE D N\u00b0 166 Secondo premio: SERIE B N\u00b0 426 Terzo premio: SERIE Z N\u00b0 3044 BIGLIETTI BONUS Primo premio: N\u00b0 256 Secondo premio: N\u00b0 210 Terzo premio: N\u00b0 27 Quarto premio: N\u00b0 44 ...<br \/><div class=\"pt-cv-rmwrap\"><a href=\"https:\/\/www.brattiro.net\/NEWS\/2024\/09\/28\/estrazione-biglietti-festa-ss-cosma-e-damiano-27-09-2024\/\" class=\"_self pt-cv-readmore btn btn-success\" target=\"_self\">Leggi Tutto<\/a><\/div><\/div>\n<div class=\"pt-cv-meta-fields\"><span class=\"entry-date\"> <time datetime=\"2024-09-28T16:14:52+02:00\">28 Settembre 2024<\/time><\/span><span> \/ <\/span><span class=\"author\"> <a href=\"https:\/\/www.brattiro.net\/NEWS\/author\/eugenio\/\" rel=\"author\">Redazione<\/a><\/span><span> \/ <\/span><span class=\"terms\"> <a href='https:\/\/www.brattiro.net\/NEWS\/category\/senza-categoria\/' title='Senza categoria' class='pt-cv-tax-senza-categoria'>Senza categoria<\/a>, <a href='https:\/\/www.brattiro.net\/NEWS\/tag\/sscosmaedamiano\/' title='sscosmaedamiano' class='pt-cv-tax-sscosmaedamiano'>sscosmaedamiano<\/a><\/span><span> \/ <\/span><span class=\"comments-link\"> <a href=\"https:\/\/www.brattiro.net\/NEWS\/2024\/09\/28\/estrazione-biglietti-festa-ss-cosma-e-damiano-27-09-2024\/#respond\">Nessun commento<span class=\"screen-reader-text\"> su Estrazione Biglietti Festa SS Cosma e Damiano &#8211; 27\/09\/2024<\/span><\/a><\/span><\/div><\/div><\/div>\n<div class=\"col-md-6 col-sm-6 col-xs-12 pt-cv-content-item pt-cv-1-col\" ><div class='pt-cv-ifield'><a href=\"https:\/\/www.brattiro.net\/NEWS\/2024\/04\/24\/veleggiata-tropea-2024\/\" class=\"_self pt-cv-href-thumbnail pt-cv-thumb-default\" target=\"_self\" ><\/a>\n<h4 class=\"pt-cv-title\"><a href=\"https:\/\/www.brattiro.net\/NEWS\/2024\/04\/24\/veleggiata-tropea-2024\/\" class=\"_self\" target=\"_self\" >VELEGGIATA TROPEA 2024<\/a><\/h4>\n<div class=\"pt-cv-content\">Per il secondo anno consecutivo il 28\/04\/2024 Tropea sar\u00e0 protagonista dell\u2019evento \u201cVeleggiata per l\u2019Ambiente\u201d. Undici sono le sezioni Fidapa BPW Italy (Acri, Amantea, Cosenza, Piana di Palmi, Paola, Rende, Soveria Mannelli, Spezzano Albanese, Tropea, Valle del Savuto, Vibo Valentia) che partecipano alla settimana verde di Ambiente Mare Italia.L\u2019iniziativa viene promossa ...<br \/><div class=\"pt-cv-rmwrap\"><a href=\"https:\/\/www.brattiro.net\/NEWS\/2024\/04\/24\/veleggiata-tropea-2024\/\" class=\"_self pt-cv-readmore btn btn-success\" target=\"_self\">Leggi Tutto<\/a><\/div><\/div>\n<div class=\"pt-cv-meta-fields\"><span class=\"entry-date\"> <time datetime=\"2024-04-24T17:28:50+02:00\">24 Aprile 2024<\/time><\/span><span> \/ <\/span><span class=\"author\"> <a href=\"https:\/\/www.brattiro.net\/NEWS\/author\/eugenio\/\" rel=\"author\">Redazione<\/a><\/span><span> \/ <\/span><span class=\"terms\"> <a href='https:\/\/www.brattiro.net\/NEWS\/category\/senza-categoria\/' title='Senza categoria' class='pt-cv-tax-senza-categoria'>Senza categoria<\/a><\/span><span> \/ <\/span><span class=\"comments-link\"> <a href=\"https:\/\/www.brattiro.net\/NEWS\/2024\/04\/24\/veleggiata-tropea-2024\/#respond\">Nessun commento<span class=\"screen-reader-text\"> su VELEGGIATA TROPEA 2024<\/span><\/a><\/span><\/div><\/div><\/div>\n<div class=\"col-md-6 col-sm-6 col-xs-12 pt-cv-content-item pt-cv-1-col\" ><div class='pt-cv-ifield'><a href=\"https:\/\/www.brattiro.net\/NEWS\/2023\/09\/29\/estrazione-biglietti-vincenti-festa-ss-cosma-e-damiano-2023\/\" class=\"_self pt-cv-href-thumbnail pt-cv-thumb-default\" target=\"_self\" ><\/a>\n<h4 class=\"pt-cv-title\"><a href=\"https:\/\/www.brattiro.net\/NEWS\/2023\/09\/29\/estrazione-biglietti-vincenti-festa-ss-cosma-e-damiano-2023\/\" class=\"_self\" target=\"_self\" >Estrazione biglietti vincenti festa SS. Cosma e Damiano 2023<\/a><\/h4>\n<div class=\"pt-cv-content\">27\/09\/2023 ore 21:45 Oltre al video della riffa, per completezza pubblichiamo anche i biglietti vincenti: Primo premio: serie Z n. 2259 - Chiara Contura (il cognome non si legge bene, ma l'importante \u00e8 che il numero del biglietto corrisponda) Secondo premio: Serie F n. 860 - Franco Michele Torino Terzo ...<br \/><div class=\"pt-cv-rmwrap\"><a href=\"https:\/\/www.brattiro.net\/NEWS\/2023\/09\/29\/estrazione-biglietti-vincenti-festa-ss-cosma-e-damiano-2023\/\" class=\"_self pt-cv-readmore btn btn-success\" target=\"_self\">Leggi Tutto<\/a><\/div><\/div>\n<div class=\"pt-cv-meta-fields\"><span class=\"entry-date\"> <time datetime=\"2023-09-29T12:19:10+02:00\">29 Settembre 2023<\/time><\/span><span> \/ <\/span><span class=\"author\"> <a href=\"https:\/\/www.brattiro.net\/NEWS\/author\/eugenio\/\" rel=\"author\">Redazione<\/a><\/span><span> \/ <\/span><span class=\"terms\"> <a href='https:\/\/www.brattiro.net\/NEWS\/category\/senza-categoria\/' title='Senza categoria' class='pt-cv-tax-senza-categoria'>Senza categoria<\/a>, <a href='https:\/\/www.brattiro.net\/NEWS\/tag\/sscosmaedamiano\/' title='sscosmaedamiano' class='pt-cv-tax-sscosmaedamiano'>sscosmaedamiano<\/a><\/span><span> \/ <\/span><span class=\"comments-link\"> <a href=\"https:\/\/www.brattiro.net\/NEWS\/2023\/09\/29\/estrazione-biglietti-vincenti-festa-ss-cosma-e-damiano-2023\/#respond\">Nessun commento<span class=\"screen-reader-text\"> su Estrazione biglietti vincenti festa SS. Cosma e Damiano 2023<\/span><\/a><\/span><\/div><\/div><\/div>\n<div class=\"col-md-6 col-sm-6 col-xs-12 pt-cv-content-item pt-cv-1-col\" ><div class='pt-cv-ifield'><a href=\"https:\/\/www.brattiro.net\/NEWS\/2022\/12\/28\/cu-nu-scornu-si-campa-nu-jornu\/\" class=\"_self pt-cv-href-thumbnail pt-cv-thumb-default\" target=\"_self\" ><\/a>\n<h4 class=\"pt-cv-title\"><a href=\"https:\/\/www.brattiro.net\/NEWS\/2022\/12\/28\/cu-nu-scornu-si-campa-nu-jornu\/\" class=\"_self\" target=\"_self\" >&#8220;Cu nu scornu si campa nu jornu&#8221;<\/a><\/h4>\n<div class=\"pt-cv-content\">Commedia teatrale realizzata ed interpretata dalla compagnia teatrale di Brattir\u00f2. Video: https:\/\/fb.watch\/hH1Vj6V5AE\/ ...<br \/><div class=\"pt-cv-rmwrap\"><a href=\"https:\/\/www.brattiro.net\/NEWS\/2022\/12\/28\/cu-nu-scornu-si-campa-nu-jornu\/\" class=\"_self pt-cv-readmore btn btn-success\" target=\"_self\">Leggi Tutto<\/a><\/div><\/div>\n<div class=\"pt-cv-meta-fields\"><span class=\"entry-date\"> <time datetime=\"2022-12-28T01:03:02+01:00\">28 Dicembre 2022<\/time><\/span><span> \/ <\/span><span class=\"author\"> <a href=\"https:\/\/www.brattiro.net\/NEWS\/author\/eugenio\/\" rel=\"author\">Redazione<\/a><\/span><span> \/ <\/span><span class=\"terms\"> <a href='https:\/\/www.brattiro.net\/NEWS\/category\/senza-categoria\/' title='Senza categoria' class='pt-cv-tax-senza-categoria'>Senza categoria<\/a><\/span><span> \/ <\/span><span class=\"comments-link\"> <a href=\"https:\/\/www.brattiro.net\/NEWS\/2022\/12\/28\/cu-nu-scornu-si-campa-nu-jornu\/#respond\">Nessun commento<span class=\"screen-reader-text\"> su &#8220;Cu nu scornu si campa nu jornu&#8221;<\/span><\/a><\/span><\/div><\/div><\/div>\n<div class=\"col-md-6 col-sm-6 col-xs-12 pt-cv-content-item pt-cv-1-col\" ><div class='pt-cv-ifield'><a href=\"https:\/\/www.brattiro.net\/NEWS\/2020\/09\/30\/ss-cosma-e-damiano-2020\/\" class=\"_self pt-cv-href-thumbnail pt-cv-thumb-default\" target=\"_self\" ><img loading=\"lazy\" decoding=\"async\" width=\"300\" height=\"225\" src=\"https:\/\/i0.wp.com\/www.brattiro.net\/NEWS\/wp-content\/uploads\/2020\/09\/DSCN3118-scaled.jpg?fit=300%2C225&amp;ssl=1\" class=\"pt-cv-thumbnail\" alt=\"\" srcset=\"https:\/\/i0.wp.com\/www.brattiro.net\/NEWS\/wp-content\/uploads\/2020\/09\/DSCN3118-scaled.jpg?w=2560&amp;ssl=1 2560w, https:\/\/i0.wp.com\/www.brattiro.net\/NEWS\/wp-content\/uploads\/2020\/09\/DSCN3118-scaled.jpg?resize=300%2C225&amp;ssl=1 300w, https:\/\/i0.wp.com\/www.brattiro.net\/NEWS\/wp-content\/uploads\/2020\/09\/DSCN3118-scaled.jpg?resize=1024%2C768&amp;ssl=1 1024w, https:\/\/i0.wp.com\/www.brattiro.net\/NEWS\/wp-content\/uploads\/2020\/09\/DSCN3118-scaled.jpg?resize=768%2C576&amp;ssl=1 768w, https:\/\/i0.wp.com\/www.brattiro.net\/NEWS\/wp-content\/uploads\/2020\/09\/DSCN3118-scaled.jpg?resize=1536%2C1152&amp;ssl=1 1536w, https:\/\/i0.wp.com\/www.brattiro.net\/NEWS\/wp-content\/uploads\/2020\/09\/DSCN3118-scaled.jpg?resize=2048%2C1536&amp;ssl=1 2048w, https:\/\/i0.wp.com\/www.brattiro.net\/NEWS\/wp-content\/uploads\/2020\/09\/DSCN3118-scaled.jpg?resize=1200%2C900&amp;ssl=1 1200w, https:\/\/i0.wp.com\/www.brattiro.net\/NEWS\/wp-content\/uploads\/2020\/09\/DSCN3118-scaled.jpg?w=1680&amp;ssl=1 1680w\" sizes=\"auto, (max-width: 300px) 85vw, 300px\" data-attachment-id=\"533\" data-permalink=\"https:\/\/www.brattiro.net\/NEWS\/2020\/09\/30\/ss-cosma-e-damiano-2020\/dscn3118\/\" data-orig-file=\"https:\/\/i0.wp.com\/www.brattiro.net\/NEWS\/wp-content\/uploads\/2020\/09\/DSCN3118-scaled.jpg?fit=2560%2C1920&amp;ssl=1\" data-orig-size=\"2560,1920\" data-comments-opened=\"1\" data-image-meta=\"{&quot;aperture&quot;:&quot;0&quot;,&quot;credit&quot;:&quot;&quot;,&quot;camera&quot;:&quot;&quot;,&quot;caption&quot;:&quot;&quot;,&quot;created_timestamp&quot;:&quot;0&quot;,&quot;copyright&quot;:&quot;&quot;,&quot;focal_length&quot;:&quot;0&quot;,&quot;iso&quot;:&quot;0&quot;,&quot;shutter_speed&quot;:&quot;0&quot;,&quot;title&quot;:&quot;&quot;,&quot;orientation&quot;:&quot;0&quot;}\" data-image-title=\"DSCN3118\" data-image-description=\"\" data-image-caption=\"\" data-large-file=\"https:\/\/i0.wp.com\/www.brattiro.net\/NEWS\/wp-content\/uploads\/2020\/09\/DSCN3118-scaled.jpg?fit=840%2C630&amp;ssl=1\" \/><\/a>\n<h4 class=\"pt-cv-title\"><a href=\"https:\/\/www.brattiro.net\/NEWS\/2020\/09\/30\/ss-cosma-e-damiano-2020\/\" class=\"_self\" target=\"_self\" >SS. Cosma e Damiano 2020<\/a><\/h4>\n<div class=\"pt-cv-content\">E' passata anche quest'anno la festa dei Santi Medici, che \u00e8 stata un po' diversa dal solito eppure, forse, pi\u00f9 sentita. Quest'anno, tramite la nostra #novenasocial sulle nostre pagine Facebook e Instagram, abbiamo raccontato tutte quelle tradizioni che quest'anno ci sono mancate. Partendo dalle nostre amate luminarie, quelle che danno ...<br \/><div class=\"pt-cv-rmwrap\"><a href=\"https:\/\/www.brattiro.net\/NEWS\/2020\/09\/30\/ss-cosma-e-damiano-2020\/\" class=\"_self pt-cv-readmore btn btn-success\" target=\"_self\">Leggi Tutto<\/a><\/div><\/div>\n<div class=\"pt-cv-meta-fields\"><span class=\"entry-date\"> <time datetime=\"2020-09-30T18:00:05+02:00\">30 Settembre 2020<\/time><\/span><span> \/ <\/span><span class=\"author\"> <a href=\"https:\/\/www.brattiro.net\/NEWS\/author\/mariantonietta\/\" rel=\"author\">Mariantonietta Rombol\u00e0<\/a><\/span><span> \/ <\/span><span class=\"terms\"> <a href='https:\/\/www.brattiro.net\/NEWS\/category\/storie\/' title='Storie' class='pt-cv-tax-storie'>Storie<\/a><\/span><span> \/ <\/span><span class=\"comments-link\"> <a href=\"https:\/\/www.brattiro.net\/NEWS\/2020\/09\/30\/ss-cosma-e-damiano-2020\/#respond\">Nessun commento<span class=\"screen-reader-text\"> su SS. Cosma e Damiano 2020<\/span><\/a><\/span><\/div><\/div><\/div>\n<div class=\"col-md-6 col-sm-6 col-xs-12 pt-cv-content-item pt-cv-1-col\" ><div class='pt-cv-ifield'><a href=\"https:\/\/www.brattiro.net\/NEWS\/2020\/05\/08\/commedia-teatrale-e-santa-pacenzia\/\" class=\"_self pt-cv-href-thumbnail pt-cv-thumb-default\" target=\"_self\" ><\/a>\n<h4 class=\"pt-cv-title\"><a href=\"https:\/\/www.brattiro.net\/NEWS\/2020\/05\/08\/commedia-teatrale-e-santa-pacenzia\/\" class=\"_self\" target=\"_self\" >Commedia teatrale: &#8230;e Santa Pacenzia<\/a><\/h4>\n<div class=\"pt-cv-content\">Proponiamo la visione di questa divertentissima commedia svoltasi a Brattir\u00f2 nel 2011. La commedia \u00e8 stata scritta ed interpretata da brattiroesi. ... e Santa Pacenzia ...<br \/><div class=\"pt-cv-rmwrap\"><a href=\"https:\/\/www.brattiro.net\/NEWS\/2020\/05\/08\/commedia-teatrale-e-santa-pacenzia\/\" class=\"_self pt-cv-readmore btn btn-success\" target=\"_self\">Leggi Tutto<\/a><\/div><\/div>\n<div class=\"pt-cv-meta-fields\"><span class=\"entry-date\"> <time datetime=\"2020-05-08T16:49:29+02:00\">8 Maggio 2020<\/time><\/span><span> \/ <\/span><span class=\"author\"> <a href=\"https:\/\/www.brattiro.net\/NEWS\/author\/eugenio\/\" rel=\"author\">Redazione<\/a><\/span><span> \/ <\/span><span class=\"terms\"> <a href='https:\/\/www.brattiro.net\/NEWS\/type\/video\/' title='Video' class='pt-cv-tax-post-format-video'>Video<\/a>, <a href='https:\/\/www.brattiro.net\/NEWS\/category\/senza-categoria\/' title='Senza categoria' class='pt-cv-tax-senza-categoria'>Senza categoria<\/a><\/span><span> \/ <\/span><span class=\"comments-link\"> <a href=\"https:\/\/www.brattiro.net\/NEWS\/2020\/05\/08\/commedia-teatrale-e-santa-pacenzia\/#respond\">Nessun commento<span class=\"screen-reader-text\"> su Commedia teatrale: &#8230;e Santa Pacenzia<\/span><\/a><\/span><\/div><\/div><\/div>\n<div class=\"col-md-6 col-sm-6 col-xs-12 pt-cv-content-item pt-cv-1-col\" ><div class='pt-cv-ifield'><a href=\"https:\/\/www.brattiro.net\/NEWS\/2019\/10\/06\/festa-ss-cosma-e-damiano-2019-foto-e-video\/\" class=\"_self pt-cv-href-thumbnail pt-cv-thumb-default\" target=\"_self\" ><\/a>\n<h4 class=\"pt-cv-title\"><a href=\"https:\/\/www.brattiro.net\/NEWS\/2019\/10\/06\/festa-ss-cosma-e-damiano-2019-foto-e-video\/\" class=\"_self\" target=\"_self\" >Festa SS. Cosma e Damiano 2019 &#8211; Foto e Video<\/a><\/h4>\n<div class=\"pt-cv-content\">Oltre alla galleria di foto gi\u00e0 pubblicata, ve ne forniamo altre qui e in pi\u00f9 il video dei fuochi d'artificio e della messa. Vi ricordiamo che, per chiunque volesse vederli o vedere quelli degli anni passati, basta andare sul nostro canale Youtube (https:\/\/www.youtube.com\/user\/BrattiroNet). Stessa cosa per le foto, che trovate ...<br \/><div class=\"pt-cv-rmwrap\"><a href=\"https:\/\/www.brattiro.net\/NEWS\/2019\/10\/06\/festa-ss-cosma-e-damiano-2019-foto-e-video\/\" class=\"_self pt-cv-readmore btn btn-success\" target=\"_self\">Leggi Tutto<\/a><\/div><\/div>\n<div class=\"pt-cv-meta-fields\"><span class=\"entry-date\"> <time datetime=\"2019-10-06T18:40:55+02:00\">6 Ottobre 2019<\/time><\/span><span> \/ <\/span><span class=\"author\"> <a href=\"https:\/\/www.brattiro.net\/NEWS\/author\/eugenio\/\" rel=\"author\">Redazione<\/a><\/span><span> \/ <\/span><span class=\"terms\"> <a href='https:\/\/www.brattiro.net\/NEWS\/category\/senza-categoria\/' title='Senza categoria' class='pt-cv-tax-senza-categoria'>Senza categoria<\/a>, <a href='https:\/\/www.brattiro.net\/NEWS\/tag\/sscosmaedamiano\/' title='sscosmaedamiano' class='pt-cv-tax-sscosmaedamiano'>sscosmaedamiano<\/a>, <a href='https:\/\/www.brattiro.net\/NEWS\/tag\/sscosmaedamiano2019\/' title='sscosmaedamiano2019' class='pt-cv-tax-sscosmaedamiano2019'>sscosmaedamiano2019<\/a><\/span><span> \/ <\/span><span class=\"comments-link\"> <a href=\"https:\/\/www.brattiro.net\/NEWS\/2019\/10\/06\/festa-ss-cosma-e-damiano-2019-foto-e-video\/#respond\">Nessun commento<span class=\"screen-reader-text\"> su Festa SS. Cosma e Damiano 2019 &#8211; Foto e Video<\/span><\/a><\/span><\/div><\/div><\/div>\n<div class=\"col-md-6 col-sm-6 col-xs-12 pt-cv-content-item pt-cv-1-col\" ><div class='pt-cv-ifield'><a href=\"https:\/\/www.brattiro.net\/NEWS\/2019\/09\/28\/festa-ss-cosma-e-damiano-2019-biglietti-vincenti\/\" class=\"_self pt-cv-href-thumbnail pt-cv-thumb-default\" target=\"_self\" ><img loading=\"lazy\" decoding=\"async\" width=\"300\" height=\"201\" src=\"https:\/\/i0.wp.com\/www.brattiro.net\/NEWS\/wp-content\/uploads\/2019\/09\/biglietto-festa-ss-cosma-e-damiano-2019.jpg?fit=300%2C201&amp;ssl=1\" class=\"pt-cv-thumbnail\" alt=\"\" srcset=\"https:\/\/i0.wp.com\/www.brattiro.net\/NEWS\/wp-content\/uploads\/2019\/09\/biglietto-festa-ss-cosma-e-damiano-2019.jpg?w=494&amp;ssl=1 494w, https:\/\/i0.wp.com\/www.brattiro.net\/NEWS\/wp-content\/uploads\/2019\/09\/biglietto-festa-ss-cosma-e-damiano-2019.jpg?resize=300%2C201&amp;ssl=1 300w\" sizes=\"auto, (max-width: 300px) 85vw, 300px\" data-attachment-id=\"298\" data-permalink=\"https:\/\/www.brattiro.net\/NEWS\/2019\/09\/28\/festa-ss-cosma-e-damiano-2019-biglietti-vincenti\/biglietto-festa-ss-cosma-e-damiano-2019\/\" data-orig-file=\"https:\/\/i0.wp.com\/www.brattiro.net\/NEWS\/wp-content\/uploads\/2019\/09\/biglietto-festa-ss-cosma-e-damiano-2019.jpg?fit=494%2C331&amp;ssl=1\" data-orig-size=\"494,331\" data-comments-opened=\"1\" data-image-meta=\"{&quot;aperture&quot;:&quot;0&quot;,&quot;credit&quot;:&quot;&quot;,&quot;camera&quot;:&quot;&quot;,&quot;caption&quot;:&quot;&quot;,&quot;created_timestamp&quot;:&quot;0&quot;,&quot;copyright&quot;:&quot;&quot;,&quot;focal_length&quot;:&quot;0&quot;,&quot;iso&quot;:&quot;0&quot;,&quot;shutter_speed&quot;:&quot;0&quot;,&quot;title&quot;:&quot;&quot;,&quot;orientation&quot;:&quot;0&quot;}\" data-image-title=\"biglietto-festa-ss-cosma-e-damiano-2019\" data-image-description=\"\" data-image-caption=\"\" data-large-file=\"https:\/\/i0.wp.com\/www.brattiro.net\/NEWS\/wp-content\/uploads\/2019\/09\/biglietto-festa-ss-cosma-e-damiano-2019.jpg?fit=494%2C331&amp;ssl=1\" \/><\/a>\n<h4 class=\"pt-cv-title\"><a href=\"https:\/\/www.brattiro.net\/NEWS\/2019\/09\/28\/festa-ss-cosma-e-damiano-2019-biglietti-vincenti\/\" class=\"_self\" target=\"_self\" >Festa SS. Cosma e Damiano 2019 &#8211; Biglietti Vincenti<\/a><\/h4>\n<div class=\"pt-cv-content\">Qui di seguito vi elenchiamo i premi della riffa, estrazione del 27\/09\/2019:-PRIMO PREMIO: serie L numero 676-SECONDO PREMIO: serie M numero 541-TERZO PREMIO: serie N numero 725 Riffa biglietti bonus:-Cena manitta: N 289-Cassetta vini masicei: N 605-Cassetta vini rombol\u00e0: 541 ...<br \/><div class=\"pt-cv-rmwrap\"><a href=\"https:\/\/www.brattiro.net\/NEWS\/2019\/09\/28\/festa-ss-cosma-e-damiano-2019-biglietti-vincenti\/\" class=\"_self pt-cv-readmore btn btn-success\" target=\"_self\">Leggi Tutto<\/a><\/div><\/div>\n<div class=\"pt-cv-meta-fields\"><span class=\"entry-date\"> <time datetime=\"2019-09-28T20:17:35+02:00\">28 Settembre 2019<\/time><\/span><span> \/ <\/span><span class=\"author\"> <a href=\"https:\/\/www.brattiro.net\/NEWS\/author\/eugenio\/\" rel=\"author\">Redazione<\/a><\/span><span> \/ <\/span><span class=\"terms\"> <a href='https:\/\/www.brattiro.net\/NEWS\/category\/notizie\/' title='Notizie' class='pt-cv-tax-notizie'>Notizie<\/a>, <a href='https:\/\/www.brattiro.net\/NEWS\/category\/senza-categoria\/' title='Senza categoria' class='pt-cv-tax-senza-categoria'>Senza categoria<\/a><\/span><span> \/ <\/span><span class=\"comments-link\"> <a href=\"https:\/\/www.brattiro.net\/NEWS\/2019\/09\/28\/festa-ss-cosma-e-damiano-2019-biglietti-vincenti\/#respond\">Nessun commento<span class=\"screen-reader-text\"> su Festa SS. Cosma e Damiano 2019 &#8211; Biglietti Vincenti<\/span><\/a><\/span><\/div><\/div><\/div>\n<div class=\"col-md-6 col-sm-6 col-xs-12 pt-cv-content-item pt-cv-1-col\" ><div class='pt-cv-ifield'><a href=\"https:\/\/www.brattiro.net\/NEWS\/2019\/09\/16\/cantine-rombola-alla-scoperta-dei-vigneti-della-zona\/\" class=\"_self pt-cv-href-thumbnail pt-cv-thumb-default\" target=\"_self\" ><\/a>\n<h4 class=\"pt-cv-title\"><a href=\"https:\/\/www.brattiro.net\/NEWS\/2019\/09\/16\/cantine-rombola-alla-scoperta-dei-vigneti-della-zona\/\" class=\"_self\" target=\"_self\" >Cantine Rombol\u00e0: alla scoperta dei vigneti della zona<\/a><\/h4>\n<div class=\"pt-cv-content\">Vista la vocazione vinicola del paese, abbiamo deciso di visitare le cantine presenti sul territorio per sapere come lavorano e per conoscere il loro impegno nel portare nel mondo il nome del \"Vino di Brattir\u00f2\". Abbiamo cos\u00ec deciso di intervistare i produttori. Partiamo da Alfonso Rombol\u00e0, di Cantine Rombol\u00e0. Pur ...<br \/><div class=\"pt-cv-rmwrap\"><a href=\"https:\/\/www.brattiro.net\/NEWS\/2019\/09\/16\/cantine-rombola-alla-scoperta-dei-vigneti-della-zona\/\" class=\"_self pt-cv-readmore btn btn-success\" target=\"_self\">Leggi Tutto<\/a><\/div><\/div>\n<div class=\"pt-cv-meta-fields\"><span class=\"entry-date\"> <time datetime=\"2019-09-16T09:30:40+02:00\">16 Settembre 2019<\/time><\/span><span> \/ <\/span><span class=\"author\"> <a href=\"https:\/\/www.brattiro.net\/NEWS\/author\/mariantonietta\/\" rel=\"author\">Mariantonietta Rombol\u00e0<\/a><\/span><span> \/ <\/span><span class=\"terms\"> <a href='https:\/\/www.brattiro.net\/NEWS\/tag\/brattiro\/' title='brattiro' class='pt-cv-tax-brattiro'>brattiro<\/a>, <a href='https:\/\/www.brattiro.net\/NEWS\/tag\/cantine\/' title='cantine' class='pt-cv-tax-cantine'>cantine<\/a>, <a href='https:\/\/www.brattiro.net\/NEWS\/tag\/cultura\/' title='cultura' class='pt-cv-tax-cultura'>cultura<\/a>, <a href='https:\/\/www.brattiro.net\/NEWS\/category\/senza-categoria\/' title='Senza categoria' class='pt-cv-tax-senza-categoria'>Senza categoria<\/a>, <a href='https:\/\/www.brattiro.net\/NEWS\/tag\/tradizioni\/' title='tradizioni' class='pt-cv-tax-tradizioni'>tradizioni<\/a>, <a href='https:\/\/www.brattiro.net\/NEWS\/tag\/vino\/' title='vino' class='pt-cv-tax-vino'>vino<\/a><\/span><span> \/ <\/span><span class=\"comments-link\"> <a href=\"https:\/\/www.brattiro.net\/NEWS\/2019\/09\/16\/cantine-rombola-alla-scoperta-dei-vigneti-della-zona\/#respond\">Nessun commento<span class=\"screen-reader-text\"> su Cantine Rombol\u00e0: alla scoperta dei vigneti della zona<\/span><\/a><\/span><\/div><\/div><\/div><\/div><\/div><\/div>\n","protected":false},"excerpt":{"rendered":"","protected":false},"author":1,"featured_media":0,"parent":0,"menu_order":0,"comment_status":"closed","ping_status":"closed","template":"","meta":{"ngg_post_thumbnail":0,"jetpack_post_was_ever_published":false,"footnotes":""},"class_list":["post-150","page","type-page","status-publish","hentry"],"jetpack_sharing_enabled":true,"jetpack_shortlink":"https:\/\/wp.me\/P9SAok-2q","jetpack-related-posts":[],"jetpack_likes_enabled":true,"_links":{"self":[{"href":"https:\/\/www.brattiro.net\/NEWS\/wp-json\/wp\/v2\/pages\/150","targetHints":{"allow":["GET"]}}],"collection":[{"href":"https:\/\/www.brattiro.net\/NEWS\/wp-json\/wp\/v2\/pages"}],"about":[{"href":"https:\/\/www.brattiro.net\/NEWS\/wp-json\/wp\/v2\/types\/page"}],"author":[{"embeddable":true,"href":"https:\/\/www.brattiro.net\/NEWS\/wp-json\/wp\/v2\/users\/1"}],"replies":[{"embeddable":true,"href":"https:\/\/www.brattiro.net\/NEWS\/wp-json\/wp\/v2\/comments?post=150"}],"version-history":[{"count":2,"href":"https:\/\/www.brattiro.net\/NEWS\/wp-json\/wp\/v2\/pages\/150\/revisions"}],"predecessor-version":[{"id":153,"href":"https:\/\/www.brattiro.net\/NEWS\/wp-json\/wp\/v2\/pages\/150\/revisions\/153"}],"wp:attachment":[{"href":"https:\/\/www.brattiro.net\/NEWS\/wp-json\/wp\/v2\/media?parent=150"}],"curies":[{"name":"wp","href":"https:\/\/api.w.org\/{rel}","templated":true}]}}